{"id":29717,"date":"2021-02-16T16:25:03","date_gmt":"2021-02-16T16:25:03","guid":{"rendered":"http:\/\/www.proyectoespana-online.com\/toledo\/register\/"},"modified":"2021-02-16T16:25:03","modified_gmt":"2021-02-16T16:25:03","slug":"register","status":"publish","type":"page","link":"https:\/\/www.proyectoespana-online.com\/toledo\/register\/","title":{"rendered":"Registro"},"content":{"rendered":"\n<div class=\"um um-register um-29381\">\n\n\t<div class=\"um-form\" data-mode=\"register\">\n\n\t\t<form method=\"post\" action=\"\">\n\n\t\t\t<div class=\"um-row _um_row_1 \" style=\"margin: 0 0 30px 0;\"><div class=\"um-col-1\"><div  id=\"um_field_29381_user_login\" class=\"um-field um-field-text  um-field-user_login um-field-text um-field-type_text\" data-key=\"user_login\"><div class=\"um-field-label\"><label for=\"user_login-29381\">Nombre de usuario<\/label><div class=\"um-clear\"><\/div><\/div><div class=\"um-field-area\"><input  autocomplete=\"off\" class=\"um-form-field valid \" type=\"text\" name=\"user_login-29381\" id=\"user_login-29381\" value=\"\" placeholder=\"\" data-validate=\"unique_username\" data-key=\"user_login\" \/>\n\n\t\t\t\t\t\t<\/div><\/div><div  id=\"um_field_29381_first_name\" class=\"um-field um-field-text  um-field-first_name um-field-text um-field-type_text\" data-key=\"first_name\"><div class=\"um-field-label\"><label for=\"first_name-29381\">Nombre<\/label><div class=\"um-clear\"><\/div><\/div><div class=\"um-field-area\"><input  autocomplete=\"off\" class=\"um-form-field valid \" type=\"text\" name=\"first_name-29381\" id=\"first_name-29381\" value=\"\" placeholder=\"\" data-validate=\"\" data-key=\"first_name\" \/>\n\n\t\t\t\t\t\t<\/div><\/div><div  id=\"um_field_29381_last_name\" class=\"um-field um-field-text  um-field-last_name um-field-text um-field-type_text\" data-key=\"last_name\"><div class=\"um-field-label\"><label for=\"last_name-29381\">Apellidos<\/label><div class=\"um-clear\"><\/div><\/div><div class=\"um-field-area\"><input  autocomplete=\"off\" class=\"um-form-field valid \" type=\"text\" name=\"last_name-29381\" id=\"last_name-29381\" value=\"\" placeholder=\"\" data-validate=\"\" data-key=\"last_name\" \/>\n\n\t\t\t\t\t\t<\/div><\/div><div  id=\"um_field_29381_user_email\" class=\"um-field um-field-text  um-field-user_email um-field-text um-field-type_text\" data-key=\"user_email\"><div class=\"um-field-label\"><label for=\"user_email-29381\">Direcci\u00f3n de correo electr\u00f3nico<\/label><div class=\"um-clear\"><\/div><\/div><div class=\"um-field-area\"><input  autocomplete=\"off\" class=\"um-form-field valid \" type=\"text\" name=\"user_email-29381\" id=\"user_email-29381\" value=\"\" placeholder=\"\" data-validate=\"unique_email\" data-key=\"user_email\" \/>\n\n\t\t\t\t\t\t<\/div><\/div><div  id=\"um_field_29381_user_password\" class=\"um-field um-field-password  um-field-user_password um-field-password um-field-type_password\" data-key=\"user_password\"><div class=\"um-field-label\"><label for=\"user_password-29381\">Contrase\u00f1a<\/label><div class=\"um-clear\"><\/div><\/div><div class=\"um-field-area\"><input class=\"um-form-field valid \" type=\"password\" name=\"user_password-29381\" id=\"user_password-29381\" value=\"\" placeholder=\"\" data-validate=\"\" data-key=\"user_password\" \/>\n\n\t\t\t\t\t\t<\/div><\/div><div  id=\"um_field_29381_confirm_user_password\" class=\"um-field um-field-password  um-field-user_password um-field-password um-field-type_password\" data-key=\"confirm_user_password\"><div class=\"um-field-label\"><label for=\"confirm_user_password-29381\">Confirmar Contrase\u00f1a<\/label><div class=\"um-clear\"><\/div><\/div><div class=\"um-field-area\"><input class=\"um-form-field valid \" type=\"password\" name=\"confirm_user_password-29381\" id=\"confirm_user_password-29381\" value=\"\" placeholder=\"Confirmar Contrase\u00f1a\" data-validate=\"\" data-key=\"confirm_user_password\" \/>\n\n\t\t\t\t\t\t\t\t<\/div><\/div><\/div><\/div>\t\t<input type=\"hidden\" name=\"form_id\" id=\"form_id_29381\" value=\"29381\" \/>\n\t\n\t<p class=\"um_request_name\">\n\t\t<label for=\"um_request_29381\">Only fill in if you are not human<\/label>\n\t\t<input type=\"hidden\" name=\"um_request\" id=\"um_request_29381\" class=\"input\" value=\"\" size=\"25\" autocomplete=\"off\" \/>\n\t<\/p>\n\n\t<input type=\"hidden\" id=\"_wpnonce\" name=\"_wpnonce\" value=\"de9cc8c34c\" \/><input type=\"hidden\" name=\"_wp_http_referer\" value=\"\/toledo\/wp-json\/wp\/v2\/pages\/29717\" \/>\n<div class=\"um-field\">\n\t<div class=\"g-recaptcha\" id=\"um-29381\"  data-type=\"image\"  data-size=\"normal\"  data-theme=\"dark\"  data-sitekey=\"6LcemiwaAAAAAKmTM2QXPgYZeUz0rvfqL0G55rvI\" ><\/div>\n<\/div>\n\n\n<script type=\"text\/javascript\">\n\t\n\t\tvar onloadCallback = function () {\n\t\t\tjQuery('.g-recaptcha').each( function (i) {\n\t\t\t\tgrecaptcha.render( jQuery(this).attr('id'), {\n\t\t\t\t\t'sitekey': jQuery(this).attr('data-sitekey'),\n\t\t\t\t\t'theme': jQuery(this).attr('data-theme')\n\t\t\t\t});\n\t\t\t});\n\t\t};\n\n\t\tfunction um_recaptcha_refresh() {\n\t\t\tjQuery('.g-recaptcha').html('');\n\t\t\tgrecaptcha.reset();\n\t\t\tonloadCallback();\n\t\t}\n\n\t<\/script>\n\t<div class=\"um-col-alt\">\n\n\t\t\n\t\t\t<div class=\"um-left um-half\">\n\t\t\t\t<input type=\"submit\" value=\"Registro\" class=\"um-button\" id=\"um-submit-btn\" \/>\n\t\t\t<\/div>\n\t\t\t<div class=\"um-right um-half\">\n\t\t\t\t<a href=\"https:\/\/www.proyectoespana-online.com\/toledo\/login\/\" class=\"um-button um-alt\">\n\t\t\t\t\tIniciar sesi\u00f3n\t\t\t\t<\/a>\n\t\t\t<\/div>\n\n\t\t\n\t\t<div class=\"um-clear\"><\/div>\n\n\t<\/div>\n\n\t\t\t\n\t\t<\/form>\n\n\t<\/div>\n\n<\/div><style type=\"text\/css\">\n.um-29381.um {\n\tmax-width: 450px;\n}<\/style>\n\n","protected":false},"excerpt":{"rendered":"Nombre de usuario Nombre Apellidos Direcci\u00f3n de correo electr\u00f3nico Contrase\u00f1a Confirmar Contrase\u00f1a Only fill in if you are not human Iniciar sesi\u00f3n","protected":false},"author":2,"featured_media":0,"parent":0,"menu_order":0,"comment_status":"closed","ping_status":"closed","template":"","meta":[],"uagb_featured_image_src":{"full":false,"thumbnail":false,"medium":false,"large":false,"course-thumb":false,"woocommerce_thumbnail":false,"woocommerce_single":false,"woocommerce_gallery_thumbnail":false,"shop_catalog":false,"shop_single":false,"shop_thumbnail":false},"uagb_author_info":{"display_name":"Alejandro","author_link":"https:\/\/www.proyectoespana-online.com\/toledo\/author\/alejandro\/"},"uagb_comment_info":0,"uagb_excerpt":null,"yoast_head":"<!-- This site is optimized with the Yoast SEO plugin v15.6.2 - https:\/\/yoast.com\/wordpress\/plugins\/seo\/ -->\n<title>Registro - Academia Toledo<\/title>\n<meta name=\"robots\" content=\"index, follow, max-snippet:-1, max-image-preview:large, max-video-preview:-1\" \/>\n<link rel=\"canonical\" href=\"https:\/\/www.proyectoespana-online.com\/toledo\/register\/\" \/>\n<meta property=\"og:locale\" content=\"es_ES\" \/>\n<meta property=\"og:type\" content=\"article\" \/>\n<meta property=\"og:title\" content=\"Registro - Academia Toledo\" \/>\n<meta property=\"og:url\" content=\"https:\/\/www.proyectoespana-online.com\/toledo\/register\/\" \/>\n<meta property=\"og:site_name\" content=\"Academia Toledo\" \/>\n<meta name=\"twitter:card\" content=\"summary_large_image\" \/>\n<script type=\"application\/ld+json\" class=\"yoast-schema-graph\">{\"@context\":\"https:\/\/schema.org\",\"@graph\":[{\"@type\":\"WebSite\",\"@id\":\"http:\/\/www.proyectoespana-online.com\/toledo\/#website\",\"url\":\"http:\/\/www.proyectoespana-online.com\/toledo\/\",\"name\":\"Academia Toledo\",\"description\":\"Otro sitio m\\u00e1s de Proyecto Espa\\u00f1a Online sitios\",\"potentialAction\":[{\"@type\":\"SearchAction\",\"target\":\"http:\/\/www.proyectoespana-online.com\/toledo\/?s={search_term_string}\",\"query-input\":\"required name=search_term_string\"}],\"inLanguage\":\"es\"},{\"@type\":\"WebPage\",\"@id\":\"https:\/\/www.proyectoespana-online.com\/toledo\/register\/#webpage\",\"url\":\"https:\/\/www.proyectoespana-online.com\/toledo\/register\/\",\"name\":\"Registro - Academia Toledo\",\"isPartOf\":{\"@id\":\"http:\/\/www.proyectoespana-online.com\/toledo\/#website\"},\"datePublished\":\"2021-02-16T16:25:03+00:00\",\"dateModified\":\"2021-02-16T16:25:03+00:00\",\"inLanguage\":\"es\",\"potentialAction\":[{\"@type\":\"ReadAction\",\"target\":[\"https:\/\/www.proyectoespana-online.com\/toledo\/register\/\"]}]}]}<\/script>\n<!-- \/ Yoast SEO plugin. -->","_links":{"self":[{"href":"https:\/\/www.proyectoespana-online.com\/toledo\/wp-json\/wp\/v2\/pages\/29717"}],"collection":[{"href":"https:\/\/www.proyectoespana-online.com\/toledo\/wp-json\/wp\/v2\/pages"}],"about":[{"href":"https:\/\/www.proyectoespana-online.com\/toledo\/wp-json\/wp\/v2\/types\/page"}],"author":[{"embeddable":true,"href":"https:\/\/www.proyectoespana-online.com\/toledo\/wp-json\/wp\/v2\/users\/2"}],"replies":[{"embeddable":true,"href":"https:\/\/www.proyectoespana-online.com\/toledo\/wp-json\/wp\/v2\/comments?post=29717"}],"version-history":[{"count":0,"href":"https:\/\/www.proyectoespana-online.com\/toledo\/wp-json\/wp\/v2\/pages\/29717\/revisions"}],"wp:attachment":[{"href":"https:\/\/www.proyectoespana-online.com\/toledo\/wp-json\/wp\/v2\/media?parent=29717"}],"curies":[{"name":"wp","href":"https:\/\/api.w.org\/{rel}","templated":true}]}}