{"id":29721,"date":"2021-02-16T16:25:04","date_gmt":"2021-02-16T16:25:04","guid":{"rendered":"http:\/\/www.proyectoespana-online.com\/toledo\/password-reset\/"},"modified":"2021-02-16T16:25:04","modified_gmt":"2021-02-16T16:25:04","slug":"password-reset","status":"publish","type":"page","link":"https:\/\/www.proyectoespana-online.com\/toledo\/password-reset\/","title":{"rendered":"Restablecer la contrase\u00f1a"},"content":{"rendered":"\n<div class=\"um um-password um-um_password_id\">\n\t<div class=\"um-form\">\n\t\t<form method=\"post\" action=\"\">\n\t\t\t\n\t\t\t\t<input type=\"hidden\" name=\"_um_password_reset\" id=\"_um_password_reset\" value=\"1\" \/>\n\n\t\t\t\t\t\t\t\t\t<div class=\"um-field um-field-block um-field-type_block\">\n\t\t\t\t\t\t<div class=\"um-field-block\">\n\t\t\t\t\t\t\t<div style=\"text-align:center;\">\n\t\t\t\t\t\t\t\tPara restablecer tu contrase\u00f1a, por favor, indica a continuaci\u00f3n tu direcci\u00f3n de correo electr\u00f3nico o nombre de usuario\t\t\t\t\t\t\t<\/div>\n\t\t\t\t\t\t<\/div>\n\t\t\t\t\t<\/div>\n\t\t\t\t<div  id=\"um_field_um_password_id_username_b\" class=\"um-field um-field-text  um-field-username_b um-field-text um-field-type_text\" data-key=\"username_b\"><div class=\"um-field-area\"><input  autocomplete=\"off\" class=\"um-form-field valid \" type=\"text\" name=\"username_b\" id=\"username_b\" value=\"\" placeholder=\"Introduce tu nombre de usuario o correo electr\u00f3nico\" data-validate=\"\" data-key=\"username_b\" \/>\n\n\t\t\t\t\t\t<\/div><\/div>\n\t\t\t\t<div class=\"um-col-alt um-col-alt-b\">\n\n\t\t\t\t\t<div class=\"um-center\">\n\t\t\t\t\t\t<input type=\"submit\" value=\"Restablecer mi contrase\u00f1a\" class=\"um-button\" id=\"um-submit-btn\" \/>\n\t\t\t\t\t<\/div>\n\n\t\t\t\t\t<div class=\"um-clear\"><\/div>\n\n\t\t\t\t<\/div>\n\n\t\t\t\t\t\t<input type=\"hidden\" name=\"form_id\" id=\"form_id_um_password_id\" value=\"um_password_id\" \/>\n\t\n\t<p class=\"um_request_name\">\n\t\t<label for=\"um_request_um_password_id\">Only fill in if you are not human<\/label>\n\t\t<input type=\"hidden\" name=\"um_request\" id=\"um_request_um_password_id\" class=\"input\" value=\"\" size=\"25\" autocomplete=\"off\" \/>\n\t<\/p>\n\n\t\t\t<\/form>\n\t<\/div>\n<\/div><style type=\"text\/css\">\n.um-um_password_id.um {\n\tmax-width: 450px;\n}<\/style>\n\n","protected":false},"excerpt":{"rendered":"Para restablecer tu contrase\u00f1a, por favor, indica a continuaci\u00f3n tu direcci\u00f3n de correo electr\u00f3nico o nombre de usuario Only fill in if you are not human","protected":false},"author":2,"featured_media":0,"parent":0,"menu_order":0,"comment_status":"closed","ping_status":"closed","template":"","meta":[],"uagb_featured_image_src":{"full":false,"thumbnail":false,"medium":false,"large":false,"course-thumb":false,"woocommerce_thumbnail":false,"woocommerce_single":false,"woocommerce_gallery_thumbnail":false,"shop_catalog":false,"shop_single":false,"shop_thumbnail":false},"uagb_author_info":{"display_name":"Alejandro","author_link":"https:\/\/www.proyectoespana-online.com\/toledo\/author\/alejandro\/"},"uagb_comment_info":0,"uagb_excerpt":null,"yoast_head":"<!-- This site is optimized with the Yoast SEO plugin v15.6.2 - https:\/\/yoast.com\/wordpress\/plugins\/seo\/ -->\n<title>Restablecer la contrase\u00f1a - Academia Toledo<\/title>\n<meta name=\"robots\" content=\"index, follow, max-snippet:-1, max-image-preview:large, max-video-preview:-1\" \/>\n<link rel=\"canonical\" href=\"http:\/\/www.proyectoespana-online.com\/toledo\/password-reset\/\" \/>\n<meta property=\"og:locale\" content=\"es_ES\" \/>\n<meta property=\"og:type\" content=\"article\" \/>\n<meta property=\"og:title\" content=\"Restablecer la contrase\u00f1a - Academia Toledo\" \/>\n<meta property=\"og:url\" content=\"http:\/\/www.proyectoespana-online.com\/toledo\/password-reset\/\" \/>\n<meta property=\"og:site_name\" content=\"Academia Toledo\" \/>\n<meta name=\"twitter:card\" content=\"summary_large_image\" \/>\n<script type=\"application\/ld+json\" class=\"yoast-schema-graph\">{\"@context\":\"https:\/\/schema.org\",\"@graph\":[{\"@type\":\"WebSite\",\"@id\":\"http:\/\/www.proyectoespana-online.com\/toledo\/#website\",\"url\":\"http:\/\/www.proyectoespana-online.com\/toledo\/\",\"name\":\"Academia Toledo\",\"description\":\"Otro sitio m\\u00e1s de Proyecto Espa\\u00f1a Online sitios\",\"potentialAction\":[{\"@type\":\"SearchAction\",\"target\":\"http:\/\/www.proyectoespana-online.com\/toledo\/?s={search_term_string}\",\"query-input\":\"required name=search_term_string\"}],\"inLanguage\":\"es\"},{\"@type\":\"WebPage\",\"@id\":\"http:\/\/www.proyectoespana-online.com\/toledo\/password-reset\/#webpage\",\"url\":\"http:\/\/www.proyectoespana-online.com\/toledo\/password-reset\/\",\"name\":\"Restablecer la contrase\\u00f1a - Academia Toledo\",\"isPartOf\":{\"@id\":\"http:\/\/www.proyectoespana-online.com\/toledo\/#website\"},\"datePublished\":\"2021-02-16T16:25:04+00:00\",\"dateModified\":\"2021-02-16T16:25:04+00:00\",\"inLanguage\":\"es\",\"potentialAction\":[{\"@type\":\"ReadAction\",\"target\":[\"http:\/\/www.proyectoespana-online.com\/toledo\/password-reset\/\"]}]}]}<\/script>\n<!-- \/ Yoast SEO plugin. -->","_links":{"self":[{"href":"https:\/\/www.proyectoespana-online.com\/toledo\/wp-json\/wp\/v2\/pages\/29721"}],"collection":[{"href":"https:\/\/www.proyectoespana-online.com\/toledo\/wp-json\/wp\/v2\/pages"}],"about":[{"href":"https:\/\/www.proyectoespana-online.com\/toledo\/wp-json\/wp\/v2\/types\/page"}],"author":[{"embeddable":true,"href":"https:\/\/www.proyectoespana-online.com\/toledo\/wp-json\/wp\/v2\/users\/2"}],"replies":[{"embeddable":true,"href":"https:\/\/www.proyectoespana-online.com\/toledo\/wp-json\/wp\/v2\/comments?post=29721"}],"version-history":[{"count":0,"href":"https:\/\/www.proyectoespana-online.com\/toledo\/wp-json\/wp\/v2\/pages\/29721\/revisions"}],"wp:attachment":[{"href":"https:\/\/www.proyectoespana-online.com\/toledo\/wp-json\/wp\/v2\/media?parent=29721"}],"curies":[{"name":"wp","href":"https:\/\/api.w.org\/{rel}","templated":true}]}}