{"id":7,"date":"2020-11-23T10:02:27","date_gmt":"2020-11-23T10:02:27","guid":{"rendered":"http:\/\/www.proyectoespana-online.com\/toledo\/carrito\/"},"modified":"2020-12-17T12:25:21","modified_gmt":"2020-12-17T12:25:21","slug":"carrito","status":"publish","type":"page","link":"https:\/\/www.proyectoespana-online.com\/toledo\/carrito\/","title":{"rendered":"Carrito"},"content":{"rendered":"\n<p>&nbsp;<\/p>\n<h2><span style=\"color: #000080;\">Otros cursos que podr\u00edan interesarte:<\/span><\/h2>\n<div id=\"ld-course-list-content-6211b8b0e6a74a9ed6458832d6e06eab\" class=\"ld-course-list-content\" data-shortcode-atts=\"{&quot;include_outer_wrapper&quot;:&quot;true&quot;,&quot;num&quot;:20,&quot;paged&quot;:1,&quot;post_type&quot;:&quot;sfwd-courses&quot;,&quot;post_status&quot;:&quot;publish&quot;,&quot;order&quot;:&quot;DESC&quot;,&quot;orderby&quot;:&quot;ID&quot;,&quot;user_id&quot;:false,&quot;mycourses&quot;:null,&quot;mygroups&quot;:null,&quot;status&quot;:null,&quot;post__in&quot;:null,&quot;course_id&quot;:&quot;&quot;,&quot;meta_key&quot;:&quot;&quot;,&quot;meta_value&quot;:&quot;&quot;,&quot;meta_compare&quot;:&quot;&quot;,&quot;tag&quot;:&quot;&quot;,&quot;tag_id&quot;:0,&quot;tag__and&quot;:&quot;&quot;,&quot;tag__in&quot;:&quot;&quot;,&quot;tag__not_in&quot;:&quot;&quot;,&quot;tag_slug__and&quot;:&quot;&quot;,&quot;tag_slug__in&quot;:&quot;&quot;,&quot;cat&quot;:&quot;&quot;,&quot;category_name&quot;:0,&quot;category__and&quot;:&quot;&quot;,&quot;category__in&quot;:&quot;&quot;,&quot;category__not_in&quot;:&quot;&quot;,&quot;tax_compare&quot;:&quot;AND&quot;,&quot;categoryselector&quot;:&quot;&quot;,&quot;show_thumbnail&quot;:&quot;true&quot;,&quot;show_content&quot;:&quot;true&quot;,&quot;author__in&quot;:&quot;&quot;,&quot;col&quot;:3,&quot;progress_bar&quot;:&quot;false&quot;,&quot;array&quot;:false,&quot;course_grid&quot;:&quot;true&quot;,&quot;thumb_size&quot;:&quot;course-thumb&quot;,&quot;course_categoryselector&quot;:&quot;&quot;,&quot;course_cat&quot;:&quot;&quot;,&quot;course_category_name&quot;:&quot;&quot;,&quot;course_category__and&quot;:&quot;&quot;,&quot;course_category__in&quot;:&quot;&quot;,&quot;course_category__not_in&quot;:&quot;&quot;,&quot;course_tag&quot;:&quot;&quot;,&quot;course_tag_id&quot;:&quot;&quot;,&quot;course_tag__and&quot;:&quot;&quot;,&quot;course_tag__in&quot;:&quot;&quot;,&quot;course_tag__not_in&quot;:&quot;&quot;,&quot;course_tag_slug__and&quot;:&quot;&quot;,&quot;course_tag_slug__in&quot;:&quot;&quot;,&quot;course_status&quot;:null}\">\n\t\t\t<div class=\"ld-course-list-items row\">\n\t<div class=\"ld_course_grid col-sm-8 col-md-4 \">\n\t<article id=\"post-29699\" class=\" learndash-not-available learndash-incomplete thumbnail course post-29699 sfwd-courses type-sfwd-courses status-publish has-post-thumbnail hentry ld_course_category-free ld_course_category-toledo\">\n\t\t\t\t\t\t\t\t<div class=\"ld_course_grid_price price_US$\">\n\t\t\t\t90\u20ac\t\t\t<\/div>\n\t\t\t\n\t\t\t\t\t\t<a href=\"https:\/\/www.proyectoespana-online.com\/toledo\/courses\/nuevo-curso\/\" rel=\"bookmark\">\n\t\t\t\t<img width=\"400\" height=\"300\" src=\"https:\/\/www.proyectoespana-online.com\/toledo\/wp-content\/uploads\/sites\/5\/2020\/11\/TOLEDO_BANNER-400x300.jpg\" class=\"attachment-course-thumb size-course-thumb wp-post-image\" alt=\"TOLEDO_BANNER\" loading=\"lazy\" srcset=\"https:\/\/www.proyectoespana-online.com\/toledo\/wp-content\/uploads\/sites\/5\/2020\/11\/TOLEDO_BANNER-400x300.jpg 400w, https:\/\/www.proyectoespana-online.com\/toledo\/wp-content\/uploads\/sites\/5\/2020\/11\/TOLEDO_BANNER-300x225.jpg 300w, https:\/\/www.proyectoespana-online.com\/toledo\/wp-content\/uploads\/sites\/5\/2020\/11\/TOLEDO_BANNER-1024x768.jpg 1024w, https:\/\/www.proyectoespana-online.com\/toledo\/wp-content\/uploads\/sites\/5\/2020\/11\/TOLEDO_BANNER-600x450.jpg 600w, https:\/\/www.proyectoespana-online.com\/toledo\/wp-content\/uploads\/sites\/5\/2020\/11\/TOLEDO_BANNER.jpg 1500w\" sizes=\"(max-width: 400px) 100vw, 400px\" \/>\t\t\t<\/a>\n\t\t\t\t\t\n\t\t\t\t\t<div class=\"caption\">\n\t\t\t\t<h3 class=\"entry-title\">Nuevo Curso<\/h3>\n\t\t\t\t\t\t\t\t<p class=\"entry-content\">Una selecci\u00f3n de las mejores escuelas de Espa\u00f1a se ha unido para garantizaros una experiencia \u00fanica.<\/p>\n\t\t\t\t\t\t\t\t<p class=\"ld_course_grid_button\"><a class=\"btn btn-primary\" role=\"button\" href=\"https:\/\/www.proyectoespana-online.com\/toledo\/courses\/nuevo-curso\/\" rel=\"bookmark\">Ver m\u00e1s...<\/a><\/p>\n\t\t\t\t\t\t\t<\/div><!-- .entry-header -->\n\t\t\t<\/article><!-- #post-## -->\n<\/div><!-- .ld_course_grid -->\n<div class=\"ld_course_grid col-sm-8 col-md-4 \">\n\t<article id=\"post-29690\" class=\" learndash-not-available learndash-incomplete thumbnail course post-29690 sfwd-courses type-sfwd-courses status-publish has-post-thumbnail hentry ld_course_category-free ld_course_category-toledo\">\n\t\t\t\t\t\t\t\t<div class=\"ld_course_grid_price price_US$\">\n\t\t\t\t50\u20ac\t\t\t<\/div>\n\t\t\t\n\t\t\t\t\t\t<a href=\"https:\/\/www.proyectoespana-online.com\/toledo\/courses\/toledo-curso-1-test\/\" rel=\"bookmark\">\n\t\t\t\t<img width=\"400\" height=\"300\" src=\"https:\/\/www.proyectoespana-online.com\/toledo\/wp-content\/uploads\/sites\/5\/2020\/11\/TOLEDO_BANNER-400x300.jpg\" class=\"attachment-course-thumb size-course-thumb wp-post-image\" alt=\"TOLEDO_BANNER\" loading=\"lazy\" srcset=\"https:\/\/www.proyectoespana-online.com\/toledo\/wp-content\/uploads\/sites\/5\/2020\/11\/TOLEDO_BANNER-400x300.jpg 400w, https:\/\/www.proyectoespana-online.com\/toledo\/wp-content\/uploads\/sites\/5\/2020\/11\/TOLEDO_BANNER-300x225.jpg 300w, https:\/\/www.proyectoespana-online.com\/toledo\/wp-content\/uploads\/sites\/5\/2020\/11\/TOLEDO_BANNER-1024x768.jpg 1024w, https:\/\/www.proyectoespana-online.com\/toledo\/wp-content\/uploads\/sites\/5\/2020\/11\/TOLEDO_BANNER-600x450.jpg 600w, https:\/\/www.proyectoespana-online.com\/toledo\/wp-content\/uploads\/sites\/5\/2020\/11\/TOLEDO_BANNER.jpg 1500w\" sizes=\"(max-width: 400px) 100vw, 400px\" \/>\t\t\t<\/a>\n\t\t\t\t\t\n\t\t\t\t\t<div class=\"caption\">\n\t\t\t\t<h3 class=\"entry-title\">Toledo Curso 1 Test<\/h3>\n\t\t\t\t\t\t\t\t<p class=\"entry-content\">Una selecci\u00f3n de las mejores escuelas de Espa\u00f1a se ha unido para garantizaros una experiencia \u00fanica.<\/p>\n\t\t\t\t\t\t\t\t<p class=\"ld_course_grid_button\"><a class=\"btn btn-primary\" role=\"button\" href=\"https:\/\/www.proyectoespana-online.com\/toledo\/courses\/toledo-curso-1-test\/\" rel=\"bookmark\">Ver m\u00e1s...<\/a><\/p>\n\t\t\t\t\t\t\t<\/div><!-- .entry-header -->\n\t\t\t<\/article><!-- #post-## -->\n<\/div><!-- .ld_course_grid -->\n<div class=\"ld_course_grid col-sm-8 col-md-4 \">\n\t<article id=\"post-29680\" class=\" learndash-not-available learndash-incomplete thumbnail course post-29680 sfwd-courses type-sfwd-courses status-publish has-post-thumbnail hentry ld_course_category-free ld_course_category-toledo\">\n\t\t\t\t\t\t\t\t<div class=\"ld_course_grid_price free\">\n\t\t\t\tGratis\t\t\t<\/div>\n\t\t\t\n\t\t\t\t\t\t<a href=\"https:\/\/www.proyectoespana-online.com\/toledo\/courses\/toledo-curso-2-test\/\" rel=\"bookmark\">\n\t\t\t\t<img width=\"400\" height=\"300\" src=\"https:\/\/www.proyectoespana-online.com\/toledo\/wp-content\/uploads\/sites\/5\/2020\/11\/TOLEDO_BANNER-400x300.jpg\" class=\"attachment-course-thumb size-course-thumb wp-post-image\" alt=\"TOLEDO_BANNER\" loading=\"lazy\" srcset=\"https:\/\/www.proyectoespana-online.com\/toledo\/wp-content\/uploads\/sites\/5\/2020\/11\/TOLEDO_BANNER-400x300.jpg 400w, https:\/\/www.proyectoespana-online.com\/toledo\/wp-content\/uploads\/sites\/5\/2020\/11\/TOLEDO_BANNER-300x225.jpg 300w, https:\/\/www.proyectoespana-online.com\/toledo\/wp-content\/uploads\/sites\/5\/2020\/11\/TOLEDO_BANNER-1024x768.jpg 1024w, https:\/\/www.proyectoespana-online.com\/toledo\/wp-content\/uploads\/sites\/5\/2020\/11\/TOLEDO_BANNER-600x450.jpg 600w, https:\/\/www.proyectoespana-online.com\/toledo\/wp-content\/uploads\/sites\/5\/2020\/11\/TOLEDO_BANNER.jpg 1500w\" sizes=\"(max-width: 400px) 100vw, 400px\" \/>\t\t\t<\/a>\n\t\t\t\t\t\n\t\t\t\t\t<div class=\"caption\">\n\t\t\t\t<h3 class=\"entry-title\">Toledo Curso 2 Test<\/h3>\n\t\t\t\t\t\t\t\t<p class=\"entry-content\">Una selecci\u00f3n de las mejores escuelas de Espa\u00f1a se ha unido para garantizaros una experiencia \u00fanica.<\/p>\n\t\t\t\t\t\t\t\t<p class=\"ld_course_grid_button\"><a class=\"btn btn-primary\" role=\"button\" href=\"https:\/\/www.proyectoespana-online.com\/toledo\/courses\/toledo-curso-2-test\/\" rel=\"bookmark\">Ver m\u00e1s...<\/a><\/p>\n\t\t\t\t\t\t\t<\/div><!-- .entry-header -->\n\t\t\t<\/article><!-- #post-## -->\n<\/div><!-- .ld_course_grid -->\n\t<\/div>\n\t\t\t<\/div>\n\t\t<br style='clear:both'>\n","protected":false},"excerpt":{"rendered":"&nbsp; Otros cursos que podr\u00edan interesarte: 90\u20ac Nuevo Curso Una selecci\u00f3n de las mejores escuelas de Espa\u00f1a se ha unido para garantizaros una experiencia \u00fanica. Ver m\u00e1s... 50\u20ac Toledo Curso 1 Test Una selecci\u00f3n de las mejores escuelas de Espa\u00f1a se ha unido para garantizaros una experiencia \u00fanica. Ver m\u00e1s... Gratis Toledo Curso 2 Test...","protected":false},"author":1,"featured_media":0,"parent":0,"menu_order":0,"comment_status":"closed","ping_status":"closed","template":"","meta":[],"uagb_featured_image_src":{"full":false,"thumbnail":false,"medium":false,"large":false,"course-thumb":false,"woocommerce_thumbnail":false,"woocommerce_single":false,"woocommerce_gallery_thumbnail":false,"shop_catalog":false,"shop_single":false,"shop_thumbnail":false},"uagb_author_info":{"display_name":"admin","author_link":"https:\/\/www.proyectoespana-online.com\/toledo\/author\/admin\/"},"uagb_comment_info":0,"uagb_excerpt":null,"yoast_head":"<!-- This site is optimized with the Yoast SEO plugin v15.6.2 - https:\/\/yoast.com\/wordpress\/plugins\/seo\/ -->\n<title>Carrito - Academia Toledo<\/title>\n<meta name=\"robots\" content=\"index, follow, max-snippet:-1, max-image-preview:large, max-video-preview:-1\" \/>\n<link rel=\"canonical\" href=\"https:\/\/www.proyectoespana-online.com\/toledo\/carrito\/\" \/>\n<meta property=\"og:locale\" content=\"es_ES\" \/>\n<meta property=\"og:type\" content=\"article\" \/>\n<meta property=\"og:title\" content=\"Carrito - Academia Toledo\" \/>\n<meta property=\"og:url\" content=\"https:\/\/www.proyectoespana-online.com\/toledo\/carrito\/\" \/>\n<meta property=\"og:site_name\" content=\"Academia Toledo\" \/>\n<meta property=\"article:modified_time\" content=\"2020-12-17T12:25:21+00:00\" \/>\n<meta name=\"twitter:card\" content=\"summary_large_image\" \/>\n<script type=\"application\/ld+json\" class=\"yoast-schema-graph\">{\"@context\":\"https:\/\/schema.org\",\"@graph\":[{\"@type\":\"WebSite\",\"@id\":\"http:\/\/www.proyectoespana-online.com\/toledo\/#website\",\"url\":\"http:\/\/www.proyectoespana-online.com\/toledo\/\",\"name\":\"Academia Toledo\",\"description\":\"Otro sitio m\\u00e1s de Proyecto Espa\\u00f1a Online sitios\",\"potentialAction\":[{\"@type\":\"SearchAction\",\"target\":\"http:\/\/www.proyectoespana-online.com\/toledo\/?s={search_term_string}\",\"query-input\":\"required name=search_term_string\"}],\"inLanguage\":\"es\"},{\"@type\":\"WebPage\",\"@id\":\"https:\/\/www.proyectoespana-online.com\/toledo\/carrito\/#webpage\",\"url\":\"https:\/\/www.proyectoespana-online.com\/toledo\/carrito\/\",\"name\":\"Carrito - Academia Toledo\",\"isPartOf\":{\"@id\":\"http:\/\/www.proyectoespana-online.com\/toledo\/#website\"},\"datePublished\":\"2020-11-23T10:02:27+00:00\",\"dateModified\":\"2020-12-17T12:25:21+00:00\",\"inLanguage\":\"es\",\"potentialAction\":[{\"@type\":\"ReadAction\",\"target\":[\"https:\/\/www.proyectoespana-online.com\/toledo\/carrito\/\"]}]}]}<\/script>\n<!-- \/ Yoast SEO plugin. -->","_links":{"self":[{"href":"https:\/\/www.proyectoespana-online.com\/toledo\/wp-json\/wp\/v2\/pages\/7"}],"collection":[{"href":"https:\/\/www.proyectoespana-online.com\/toledo\/wp-json\/wp\/v2\/pages"}],"about":[{"href":"https:\/\/www.proyectoespana-online.com\/toledo\/wp-json\/wp\/v2\/types\/page"}],"author":[{"embeddable":true,"href":"https:\/\/www.proyectoespana-online.com\/toledo\/wp-json\/wp\/v2\/users\/1"}],"replies":[{"embeddable":true,"href":"https:\/\/www.proyectoespana-online.com\/toledo\/wp-json\/wp\/v2\/comments?post=7"}],"version-history":[{"count":2,"href":"https:\/\/www.proyectoespana-online.com\/toledo\/wp-json\/wp\/v2\/pages\/7\/revisions"}],"predecessor-version":[{"id":29677,"href":"https:\/\/www.proyectoespana-online.com\/toledo\/wp-json\/wp\/v2\/pages\/7\/revisions\/29677"}],"wp:attachment":[{"href":"https:\/\/www.proyectoespana-online.com\/toledo\/wp-json\/wp\/v2\/media?parent=7"}],"curies":[{"name":"wp","href":"https:\/\/api.w.org\/{rel}","templated":true}]}}