{"id":9,"date":"2020-11-23T10:02:27","date_gmt":"2020-11-23T10:02:27","guid":{"rendered":"http:\/\/www.proyectoespana-online.com\/toledo\/mi-cuenta\/"},"modified":"2021-02-16T16:29:12","modified_gmt":"2021-02-16T16:29:12","slug":"mi-cuenta","status":"publish","type":"page","link":"https:\/\/www.proyectoespana-online.com\/toledo\/mi-cuenta\/","title":{"rendered":"Mi cuenta"},"content":{"rendered":"<section class=\"l-section wpb_row us_custom_4a5a8d9f height_huge width_full\"><div class=\"l-section-h i-cf\"><div class=\"g-cols vc_row type_default valign_top\"><div class=\"vc_col-sm-12 wpb_column vc_column_container\"><div class=\"vc_column-inner\"><div class=\"wpb_wrapper\"><div class=\"wpb_text_column us_custom_d935022b has_text_color\" ><div class=\"wpb_wrapper\"><p style=\"text-align: center;\">Mi Cuenta<\/p>\n<\/div><\/div><\/div><\/div><\/div><\/div><\/div><\/section><section class=\"l-section wpb_row height_medium\"><div class=\"l-section-h i-cf\"><div class=\"g-cols vc_row type_default valign_top\"><div class=\"vc_col-sm-12 wpb_column vc_column_container\"><div class=\"vc_column-inner\"><div class=\"wpb_wrapper\"><div class=\"wpb_text_column\" ><div class=\"wpb_wrapper\"><div>\n<br \/>\n\n<\/div>\n<div>\u00a0<\/div>\n<\/div><\/div><\/div><\/div><\/div><\/div><\/div><\/section><section class=\"l-section wpb_row us_custom_e4eb24e1 height_medium\"><div class=\"l-section-h i-cf\"><div class=\"g-cols vc_row type_default valign_top\"><div class=\"vc_col-sm-12 wpb_column vc_column_container\"><div class=\"vc_column-inner\"><div class=\"wpb_wrapper\"><div class=\"wpb_text_column\" ><div class=\"wpb_wrapper\"><h1 class=\"uagb-section__overlay\"><span style=\"color: #a0374d;\">Cursos que podr\u00edan interesarte:<\/span><\/h1>\n<div class=\"uagb-section__inner-wrap\">\n<div class=\"uagb-infobox__outer-wrap uagb-block-c8ce5c90-1b58-41c5-9b3f-4a5a0cc74780\">\n<div class=\"uagb-infobox__content-wrap uagb-infobox uagb-infobox-has-icon uagb-infobox-icon-above-title uagb-infobox-image-valign-top uagb-infobox-enable-border-radius \">\n<div class=\"uagb-ifb-left-right-wrap\">\n<div class=\"uagb-ifb-content\">\n<div class=\"uagb-ifb-text-wrap\">\n<p class=\"uagb-ifb-desc\">\u00a0<\/p>\n<\/div>\n<\/div>\n<p><!-- \/wp:spacer --><\/p>\n<p><!-- wp:shortcode --> <div id=\"ld-course-list-content-9ba9cf02320dd60e8ee52edf77f896b7\" class=\"ld-course-list-content\" data-shortcode-atts=\"{&quot;include_outer_wrapper&quot;:&quot;true&quot;,&quot;num&quot;:20,&quot;paged&quot;:1,&quot;post_type&quot;:&quot;sfwd-courses&quot;,&quot;post_status&quot;:&quot;publish&quot;,&quot;order&quot;:&quot;asc&quot;,&quot;orderby&quot;:&quot;ID&quot;,&quot;user_id&quot;:false,&quot;mycourses&quot;:null,&quot;mygroups&quot;:null,&quot;status&quot;:null,&quot;post__in&quot;:null,&quot;course_id&quot;:&quot;&quot;,&quot;meta_key&quot;:&quot;&quot;,&quot;meta_value&quot;:&quot;&quot;,&quot;meta_compare&quot;:&quot;&quot;,&quot;tag&quot;:&quot;&quot;,&quot;tag_id&quot;:0,&quot;tag__and&quot;:&quot;&quot;,&quot;tag__in&quot;:&quot;&quot;,&quot;tag__not_in&quot;:&quot;&quot;,&quot;tag_slug__and&quot;:&quot;&quot;,&quot;tag_slug__in&quot;:&quot;&quot;,&quot;cat&quot;:&quot;&quot;,&quot;category_name&quot;:0,&quot;category__and&quot;:&quot;&quot;,&quot;category__in&quot;:&quot;&quot;,&quot;category__not_in&quot;:&quot;&quot;,&quot;tax_compare&quot;:&quot;AND&quot;,&quot;categoryselector&quot;:&quot;true&quot;,&quot;show_thumbnail&quot;:&quot;true&quot;,&quot;show_content&quot;:&quot;true&quot;,&quot;author__in&quot;:&quot;&quot;,&quot;col&quot;:3,&quot;progress_bar&quot;:&quot;true&quot;,&quot;array&quot;:false,&quot;course_grid&quot;:&quot;true&quot;,&quot;thumb_size&quot;:&quot;course-thumb&quot;,&quot;course_categoryselector&quot;:&quot;&quot;,&quot;course_cat&quot;:&quot;&quot;,&quot;course_category_name&quot;:&quot;&quot;,&quot;course_category__and&quot;:&quot;&quot;,&quot;course_category__in&quot;:&quot;&quot;,&quot;course_category__not_in&quot;:&quot;&quot;,&quot;course_tag&quot;:&quot;&quot;,&quot;course_tag_id&quot;:&quot;&quot;,&quot;course_tag__and&quot;:&quot;&quot;,&quot;course_tag__in&quot;:&quot;&quot;,&quot;course_tag__not_in&quot;:&quot;&quot;,&quot;course_tag_slug__and&quot;:&quot;&quot;,&quot;course_tag_slug__in&quot;:&quot;&quot;,&quot;course_status&quot;:null}\">\n\t\t\t<div class=\"ld-course-list-items row\">\n\t<div class=\"ld_course_grid col-sm-8 col-md-4 \">\n\t<article id=\"post-29680\" class=\" learndash-not-available learndash-incomplete thumbnail course post-29680 sfwd-courses type-sfwd-courses status-publish has-post-thumbnail hentry ld_course_category-free ld_course_category-toledo\">\n\t\t\t\t\t\t\t\t<div class=\"ld_course_grid_price free\">\n\t\t\t\tGratis\t\t\t<\/div>\n\t\t\t\n\t\t\t\t\t\t<a href=\"https:\/\/www.proyectoespana-online.com\/toledo\/courses\/toledo-curso-2-test\/\" rel=\"bookmark\">\n\t\t\t\t<img width=\"400\" height=\"300\" src=\"https:\/\/www.proyectoespana-online.com\/toledo\/wp-content\/uploads\/sites\/5\/2020\/11\/TOLEDO_BANNER-400x300.jpg\" class=\"attachment-course-thumb size-course-thumb wp-post-image\" alt=\"TOLEDO_BANNER\" loading=\"lazy\" srcset=\"https:\/\/www.proyectoespana-online.com\/toledo\/wp-content\/uploads\/sites\/5\/2020\/11\/TOLEDO_BANNER-400x300.jpg 400w, https:\/\/www.proyectoespana-online.com\/toledo\/wp-content\/uploads\/sites\/5\/2020\/11\/TOLEDO_BANNER-300x225.jpg 300w, https:\/\/www.proyectoespana-online.com\/toledo\/wp-content\/uploads\/sites\/5\/2020\/11\/TOLEDO_BANNER-1024x768.jpg 1024w, https:\/\/www.proyectoespana-online.com\/toledo\/wp-content\/uploads\/sites\/5\/2020\/11\/TOLEDO_BANNER-600x450.jpg 600w, https:\/\/www.proyectoespana-online.com\/toledo\/wp-content\/uploads\/sites\/5\/2020\/11\/TOLEDO_BANNER.jpg 1500w\" sizes=\"(max-width: 400px) 100vw, 400px\" \/>\t\t\t<\/a>\n\t\t\t\t\t\n\t\t\t\t\t<div class=\"caption\">\n\t\t\t\t<h3 class=\"entry-title\">Toledo Curso 2 Test<\/h3>\n\t\t\t\t\t\t\t\t<p class=\"entry-content\">Una selecci\u00f3n de las mejores escuelas de Espa\u00f1a se ha unido para garantizaros una experiencia \u00fanica.<\/p>\n\t\t\t\t\t\t\t\t<p class=\"ld_course_grid_button\"><a class=\"btn btn-primary\" role=\"button\" href=\"https:\/\/www.proyectoespana-online.com\/toledo\/courses\/toledo-curso-2-test\/\" rel=\"bookmark\">Ver m\u00e1s...<\/a><\/p>\n\t\t\t\t\t\t\t\t<div class=\"learndash-wrapper learndash-widget\">\n\t\t<div class=\"ld-progress\n\t\t\tld-progress-inline\">\n\t\t\t\t\t<div class=\"ld-progress-heading\">\n\t\t\t\t\t\t\t\t<div class=\"ld-progress-stats\">\n\t\t\t\t\t<div class=\"ld-progress-percentage ld-secondary-color\">\n\t\t\t\t\t0% Completado\t\t\t\t\t<\/div>\n\t\t\t\t\t<div class=\"ld-progress-steps\">\n\t\t\t\t\t\t0\/0 Steps\t\t\t\t\t<\/div>\n\t\t\t\t<\/div> <!--\/.ld-progress-stats-->\n\t\t\t<\/div>\n\n\t\t\t<div class=\"ld-progress-bar\">\n\t\t\t\t<div class=\"ld-progress-bar-percentage ld-secondary-background\" style=\"width:0%\"><\/div>\n\t\t\t<\/div>\n\t\t\t\t<\/div> <!--\/.ld-progress-->\n\t<\/div>\n\t\t\t\t\t\t\t<\/div><!-- .entry-header -->\n\t\t\t<\/article><!-- #post-## -->\n<\/div><!-- .ld_course_grid -->\n<div class=\"ld_course_grid col-sm-8 col-md-4 \">\n\t<article id=\"post-29690\" class=\" learndash-not-available learndash-incomplete thumbnail course post-29690 sfwd-courses type-sfwd-courses status-publish has-post-thumbnail hentry ld_course_category-free ld_course_category-toledo\">\n\t\t\t\t\t\t\t\t<div class=\"ld_course_grid_price price_US$\">\n\t\t\t\t50\u20ac\t\t\t<\/div>\n\t\t\t\n\t\t\t\t\t\t<a href=\"https:\/\/www.proyectoespana-online.com\/toledo\/courses\/toledo-curso-1-test\/\" rel=\"bookmark\">\n\t\t\t\t<img width=\"400\" height=\"300\" src=\"https:\/\/www.proyectoespana-online.com\/toledo\/wp-content\/uploads\/sites\/5\/2020\/11\/TOLEDO_BANNER-400x300.jpg\" class=\"attachment-course-thumb size-course-thumb wp-post-image\" alt=\"TOLEDO_BANNER\" loading=\"lazy\" srcset=\"https:\/\/www.proyectoespana-online.com\/toledo\/wp-content\/uploads\/sites\/5\/2020\/11\/TOLEDO_BANNER-400x300.jpg 400w, https:\/\/www.proyectoespana-online.com\/toledo\/wp-content\/uploads\/sites\/5\/2020\/11\/TOLEDO_BANNER-300x225.jpg 300w, https:\/\/www.proyectoespana-online.com\/toledo\/wp-content\/uploads\/sites\/5\/2020\/11\/TOLEDO_BANNER-1024x768.jpg 1024w, https:\/\/www.proyectoespana-online.com\/toledo\/wp-content\/uploads\/sites\/5\/2020\/11\/TOLEDO_BANNER-600x450.jpg 600w, https:\/\/www.proyectoespana-online.com\/toledo\/wp-content\/uploads\/sites\/5\/2020\/11\/TOLEDO_BANNER.jpg 1500w\" sizes=\"(max-width: 400px) 100vw, 400px\" \/>\t\t\t<\/a>\n\t\t\t\t\t\n\t\t\t\t\t<div class=\"caption\">\n\t\t\t\t<h3 class=\"entry-title\">Toledo Curso 1 Test<\/h3>\n\t\t\t\t\t\t\t\t<p class=\"entry-content\">Una selecci\u00f3n de las mejores escuelas de Espa\u00f1a se ha unido para garantizaros una experiencia \u00fanica.<\/p>\n\t\t\t\t\t\t\t\t<p class=\"ld_course_grid_button\"><a class=\"btn btn-primary\" role=\"button\" href=\"https:\/\/www.proyectoespana-online.com\/toledo\/courses\/toledo-curso-1-test\/\" rel=\"bookmark\">Ver m\u00e1s...<\/a><\/p>\n\t\t\t\t\t\t\t\t<div class=\"learndash-wrapper learndash-widget\">\n\t\t<div class=\"ld-progress\n\t\t\tld-progress-inline\">\n\t\t\t\t\t<div class=\"ld-progress-heading\">\n\t\t\t\t\t\t\t\t<div class=\"ld-progress-stats\">\n\t\t\t\t\t<div class=\"ld-progress-percentage ld-secondary-color\">\n\t\t\t\t\t0% Completado\t\t\t\t\t<\/div>\n\t\t\t\t\t<div class=\"ld-progress-steps\">\n\t\t\t\t\t\t0\/3 Steps\t\t\t\t\t<\/div>\n\t\t\t\t<\/div> <!--\/.ld-progress-stats-->\n\t\t\t<\/div>\n\n\t\t\t<div class=\"ld-progress-bar\">\n\t\t\t\t<div class=\"ld-progress-bar-percentage ld-secondary-background\" style=\"width:0%\"><\/div>\n\t\t\t<\/div>\n\t\t\t\t<\/div> <!--\/.ld-progress-->\n\t<\/div>\n\t\t\t\t\t\t\t<\/div><!-- .entry-header -->\n\t\t\t<\/article><!-- #post-## -->\n<\/div><!-- .ld_course_grid -->\n<div class=\"ld_course_grid col-sm-8 col-md-4 \">\n\t<article id=\"post-29699\" class=\" learndash-not-available learndash-incomplete thumbnail course post-29699 sfwd-courses type-sfwd-courses status-publish has-post-thumbnail hentry ld_course_category-free ld_course_category-toledo\">\n\t\t\t\t\t\t\t\t<div class=\"ld_course_grid_price price_US$\">\n\t\t\t\t90\u20ac\t\t\t<\/div>\n\t\t\t\n\t\t\t\t\t\t<a href=\"https:\/\/www.proyectoespana-online.com\/toledo\/courses\/nuevo-curso\/\" rel=\"bookmark\">\n\t\t\t\t<img width=\"400\" height=\"300\" src=\"https:\/\/www.proyectoespana-online.com\/toledo\/wp-content\/uploads\/sites\/5\/2020\/11\/TOLEDO_BANNER-400x300.jpg\" class=\"attachment-course-thumb size-course-thumb wp-post-image\" alt=\"TOLEDO_BANNER\" loading=\"lazy\" srcset=\"https:\/\/www.proyectoespana-online.com\/toledo\/wp-content\/uploads\/sites\/5\/2020\/11\/TOLEDO_BANNER-400x300.jpg 400w, https:\/\/www.proyectoespana-online.com\/toledo\/wp-content\/uploads\/sites\/5\/2020\/11\/TOLEDO_BANNER-300x225.jpg 300w, https:\/\/www.proyectoespana-online.com\/toledo\/wp-content\/uploads\/sites\/5\/2020\/11\/TOLEDO_BANNER-1024x768.jpg 1024w, https:\/\/www.proyectoespana-online.com\/toledo\/wp-content\/uploads\/sites\/5\/2020\/11\/TOLEDO_BANNER-600x450.jpg 600w, https:\/\/www.proyectoespana-online.com\/toledo\/wp-content\/uploads\/sites\/5\/2020\/11\/TOLEDO_BANNER.jpg 1500w\" sizes=\"(max-width: 400px) 100vw, 400px\" \/>\t\t\t<\/a>\n\t\t\t\t\t\n\t\t\t\t\t<div class=\"caption\">\n\t\t\t\t<h3 class=\"entry-title\">Nuevo Curso<\/h3>\n\t\t\t\t\t\t\t\t<p class=\"entry-content\">Una selecci\u00f3n de las mejores escuelas de Espa\u00f1a se ha unido para garantizaros una experiencia \u00fanica.<\/p>\n\t\t\t\t\t\t\t\t<p class=\"ld_course_grid_button\"><a class=\"btn btn-primary\" role=\"button\" href=\"https:\/\/www.proyectoespana-online.com\/toledo\/courses\/nuevo-curso\/\" rel=\"bookmark\">Ver m\u00e1s...<\/a><\/p>\n\t\t\t\t\t\t\t\t<div class=\"learndash-wrapper learndash-widget\">\n\t\t<div class=\"ld-progress\n\t\t\tld-progress-inline\">\n\t\t\t\t\t<div class=\"ld-progress-heading\">\n\t\t\t\t\t\t\t\t<div class=\"ld-progress-stats\">\n\t\t\t\t\t<div class=\"ld-progress-percentage ld-secondary-color\">\n\t\t\t\t\t0% Completado\t\t\t\t\t<\/div>\n\t\t\t\t\t<div class=\"ld-progress-steps\">\n\t\t\t\t\t\t0\/0 Steps\t\t\t\t\t<\/div>\n\t\t\t\t<\/div> <!--\/.ld-progress-stats-->\n\t\t\t<\/div>\n\n\t\t\t<div class=\"ld-progress-bar\">\n\t\t\t\t<div class=\"ld-progress-bar-percentage ld-secondary-background\" style=\"width:0%\"><\/div>\n\t\t\t<\/div>\n\t\t\t\t<\/div> <!--\/.ld-progress-->\n\t<\/div>\n\t\t\t\t\t\t\t<\/div><!-- .entry-header -->\n\t\t\t<\/article><!-- #post-## -->\n<\/div><!-- .ld_course_grid -->\n\t<\/div>\n\t\t\t<\/div>\n\t\t<br style='clear:both'>\n<\/div>\n<\/div>\n<\/div>\n<\/div>\n<\/div><\/div><\/div><\/div><\/div><\/div><\/div><\/section>","protected":false},"excerpt":{"rendered":"Mi Cuenta \u00a0 Cursos que podr\u00edan interesarte: \u00a0 Gratis Toledo Curso 2 Test Una selecci\u00f3n de las mejores escuelas de Espa\u00f1a se ha unido para garantizaros una experiencia \u00fanica. Ver m\u00e1s... 0% Completado 0\/0 Steps 50\u20ac Toledo Curso 1 Test Una selecci\u00f3n de las mejores escuelas de Espa\u00f1a se ha unido para garantizaros una experiencia...","protected":false},"author":1,"featured_media":0,"parent":0,"menu_order":0,"comment_status":"closed","ping_status":"closed","template":"","meta":[],"uagb_featured_image_src":{"full":false,"thumbnail":false,"medium":false,"large":false,"course-thumb":false,"woocommerce_thumbnail":false,"woocommerce_single":false,"woocommerce_gallery_thumbnail":false,"shop_catalog":false,"shop_single":false,"shop_thumbnail":false},"uagb_author_info":{"display_name":"admin","author_link":"https:\/\/www.proyectoespana-online.com\/toledo\/author\/admin\/"},"uagb_comment_info":0,"uagb_excerpt":null,"yoast_head":"<!-- This site is optimized with the Yoast SEO plugin v15.6.2 - https:\/\/yoast.com\/wordpress\/plugins\/seo\/ -->\n<title>Mi cuenta - Academia Toledo<\/title>\n<meta name=\"robots\" content=\"index, follow, max-snippet:-1, max-image-preview:large, max-video-preview:-1\" \/>\n<link rel=\"canonical\" href=\"https:\/\/www.proyectoespana-online.com\/toledo\/mi-cuenta\/\" \/>\n<meta property=\"og:locale\" content=\"es_ES\" \/>\n<meta property=\"og:type\" content=\"article\" \/>\n<meta property=\"og:title\" content=\"Mi cuenta - Academia Toledo\" \/>\n<meta property=\"og:url\" content=\"https:\/\/www.proyectoespana-online.com\/toledo\/mi-cuenta\/\" \/>\n<meta property=\"og:site_name\" content=\"Academia Toledo\" \/>\n<meta property=\"article:modified_time\" content=\"2021-02-16T16:29:12+00:00\" \/>\n<meta name=\"twitter:card\" content=\"summary_large_image\" \/>\n<meta name=\"twitter:label1\" content=\"Tiempo de lectura\">\n\t<meta name=\"twitter:data1\" content=\"1 minuto\">\n<script type=\"application\/ld+json\" class=\"yoast-schema-graph\">{\"@context\":\"https:\/\/schema.org\",\"@graph\":[{\"@type\":\"WebSite\",\"@id\":\"http:\/\/www.proyectoespana-online.com\/toledo\/#website\",\"url\":\"http:\/\/www.proyectoespana-online.com\/toledo\/\",\"name\":\"Academia Toledo\",\"description\":\"Otro sitio m\\u00e1s de Proyecto Espa\\u00f1a Online sitios\",\"potentialAction\":[{\"@type\":\"SearchAction\",\"target\":\"http:\/\/www.proyectoespana-online.com\/toledo\/?s={search_term_string}\",\"query-input\":\"required name=search_term_string\"}],\"inLanguage\":\"es\"},{\"@type\":\"WebPage\",\"@id\":\"https:\/\/www.proyectoespana-online.com\/toledo\/mi-cuenta\/#webpage\",\"url\":\"https:\/\/www.proyectoespana-online.com\/toledo\/mi-cuenta\/\",\"name\":\"Mi cuenta - Academia Toledo\",\"isPartOf\":{\"@id\":\"http:\/\/www.proyectoespana-online.com\/toledo\/#website\"},\"datePublished\":\"2020-11-23T10:02:27+00:00\",\"dateModified\":\"2021-02-16T16:29:12+00:00\",\"inLanguage\":\"es\",\"potentialAction\":[{\"@type\":\"ReadAction\",\"target\":[\"https:\/\/www.proyectoespana-online.com\/toledo\/mi-cuenta\/\"]}]}]}<\/script>\n<!-- \/ Yoast SEO plugin. -->","_links":{"self":[{"href":"https:\/\/www.proyectoespana-online.com\/toledo\/wp-json\/wp\/v2\/pages\/9"}],"collection":[{"href":"https:\/\/www.proyectoespana-online.com\/toledo\/wp-json\/wp\/v2\/pages"}],"about":[{"href":"https:\/\/www.proyectoespana-online.com\/toledo\/wp-json\/wp\/v2\/types\/page"}],"author":[{"embeddable":true,"href":"https:\/\/www.proyectoespana-online.com\/toledo\/wp-json\/wp\/v2\/users\/1"}],"replies":[{"embeddable":true,"href":"https:\/\/www.proyectoespana-online.com\/toledo\/wp-json\/wp\/v2\/comments?post=9"}],"version-history":[{"count":22,"href":"https:\/\/www.proyectoespana-online.com\/toledo\/wp-json\/wp\/v2\/pages\/9\/revisions"}],"predecessor-version":[{"id":29722,"href":"https:\/\/www.proyectoespana-online.com\/toledo\/wp-json\/wp\/v2\/pages\/9\/revisions\/29722"}],"wp:attachment":[{"href":"https:\/\/www.proyectoespana-online.com\/toledo\/wp-json\/wp\/v2\/media?parent=9"}],"curies":[{"name":"wp","href":"https:\/\/api.w.org\/{rel}","templated":true}]}}